{"id":16,"date":"2021-07-26T13:52:51","date_gmt":"2021-07-26T16:52:51","guid":{"rendered":"http:\/\/sunnypet.com.br\/site\/?post_type=product&#038;p=16"},"modified":"2022-08-28T12:02:22","modified_gmt":"2022-08-28T15:02:22","slug":"atrativo-sanitario-xixi-pode-120ml","status":"publish","type":"product","link":"https:\/\/sunnypet.com.br\/site\/produto\/atrativo-sanitario-xixi-pode-120ml\/","title":{"rendered":"Atrativo Sanit\u00e1rio (Xixi Pode) 120ml"},"content":{"rendered":"<p><strong>Indica\u00e7\u00f5es<\/strong><\/p>\n<ul>\n<li>\u00a0\u00a0\u00a0 C\u00e3es<\/li>\n<li>\u00a0\u00a0\u00a0 Para todas as ra\u00e7as e idades<\/li>\n<li>\u00a0\u00a0\u00a0 Educa\u00e7\u00e3o Sanit\u00e1ria<\/li>\n<\/ul>\n<p><strong>Benef\u00edcios<\/strong><\/p>\n<ul>\n<li>\u00a0\u00a0\u00a0 Educa seu animal a fazer xixi no local desejado.<\/li>\n<li>\u00a0\u00a0\u00a0 Maneira segura de treinamento .<\/li>\n<li>\u00a0\u00a0\u00a0 Protege os ambientes que n\u00e3o deseja servir de banheiro para seu c\u00e3ozinho.<\/li>\n<li>\u00a0\u00a0\u00a0 Facilita a limpeza do ambiente.<\/li>\n<\/ul>\n<p><strong>Modo de usar<\/strong><\/p>\n<p>Borrifar 3(tr\u00eas) vezes no tapete higi\u00eanico, folha de jornal ou local escolhido para o c\u00e3o fazer suas necessidades.<br \/>\nLevar o cachorro ao local\u00a0 e faz\u00ea-lo cheirar\u00a0 para que o mesmo se acostume com o local pr\u00e9 determinado.<br \/>\nNas primeiras tentativas \u00e9 importante insistir com o animal por se tratar de um treinamento, recompens\u00e1-lo com carinho ou snacks sempre que fizer as necessidades no local determinado.<br \/>\nCaso o c\u00e3ozinho fa\u00e7a as necessidades fora do local determinado sugerimos a utiliza\u00e7\u00e3o do Neutralizador de Odores de Ambientes Sunny Pet, afim de retirar a marca de territ\u00f3rio e em seguida aplicar o\u00a0 Repelente Sanit\u00e1rio Sunny Pet.<br \/>\nNa fase de treinamento usar diariamente conforme ele v\u00e1 se acostumando com o local borrifar 2(duas) vezes por semana.<br \/>\nDica de adestramento: o banheirinho do filhote deve ficar pr\u00f3ximo a sua cama e ir afastando aos poucos at\u00e9 chegar no local desejado.<br \/>\nO banheiro do animal n\u00e3o poder\u00e1 estar pr\u00f3ximo da vasilha de \u00e1gua e alimenta\u00e7\u00e3o.<\/p>\n","protected":false},"excerpt":{"rendered":"<ul>\n<li>Educa seu animal a fazer xixi no local desejado<\/li>\n<li>Maneira segura de treinamento<\/li>\n<li>Protege os ambientes que n\u00e3o deseja servir de banheiro para seu c\u00e3ozinho<\/li>\n<li>Facilita a limpeza do ambiente<\/li>\n<\/ul>\n","protected":false},"featured_media":357,"comment_status":"open","ping_status":"closed","template":"","meta":[],"product_brand":[],"product_cat":[16],"product_tag":[20,17,21,18,19],"class_list":{"0":"post-16","1":"product","2":"type-product","3":"status-publish","4":"has-post-thumbnail","6":"product_cat-adestramento","7":"product_tag-adestramento","8":"product_tag-atrativo","9":"product_tag-caes","10":"product_tag-sanitario","11":"product_tag-xixi-pode","13":"first","14":"instock","15":"shipping-taxable","16":"product-type-simple"},"_links":{"self":[{"href":"https:\/\/sunnypet.com.br\/site\/wp-json\/wp\/v2\/product\/16","targetHints":{"allow":["GET"]}}],"collection":[{"href":"https:\/\/sunnypet.com.br\/site\/wp-json\/wp\/v2\/product"}],"about":[{"href":"https:\/\/sunnypet.com.br\/site\/wp-json\/wp\/v2\/types\/product"}],"replies":[{"embeddable":true,"href":"https:\/\/sunnypet.com.br\/site\/wp-json\/wp\/v2\/comments?post=16"}],"wp:featuredmedia":[{"embeddable":true,"href":"https:\/\/sunnypet.com.br\/site\/wp-json\/wp\/v2\/media\/357"}],"wp:attachment":[{"href":"https:\/\/sunnypet.com.br\/site\/wp-json\/wp\/v2\/media?parent=16"}],"wp:term":[{"taxonomy":"product_brand","embeddable":true,"href":"https:\/\/sunnypet.com.br\/site\/wp-json\/wp\/v2\/product_brand?post=16"},{"taxonomy":"product_cat","embeddable":true,"href":"https:\/\/sunnypet.com.br\/site\/wp-json\/wp\/v2\/product_cat?post=16"},{"taxonomy":"product_tag","embeddable":true,"href":"https:\/\/sunnypet.com.br\/site\/wp-json\/wp\/v2\/product_tag?post=16"}],"curies":[{"name":"wp","href":"https:\/\/api.w.org\/{rel}","templated":true}]}}