{"id":19,"date":"2021-07-26T17:23:15","date_gmt":"2021-07-26T20:23:15","guid":{"rendered":"http:\/\/sunnypet.com.br\/site\/?post_type=product&#038;p=19"},"modified":"2021-08-13T21:02:39","modified_gmt":"2021-08-14T00:02:39","slug":"repelente-sanitario-xixi-nao-pode-500ml","status":"publish","type":"product","link":"https:\/\/sunnypet.com.br\/site\/produto\/repelente-sanitario-xixi-nao-pode-500ml\/","title":{"rendered":"Repelente Sanit\u00e1rio (Xixi N\u00e3o Pode) 500ml"},"content":{"rendered":"<p><strong>Indica\u00e7\u00f5es<\/strong><\/p>\n<ul>\n<li>\u00a0\u00a0\u00a0 C\u00e3es<\/li>\n<li>\u00a0\u00a0\u00a0 Para todas as ra\u00e7as e idades<\/li>\n<li>\u00a0\u00a0\u00a0 Adestramento de c\u00e3es<\/li>\n<li>\u00a0\u00a0\u00a0 Educa\u00e7\u00e3o Sanit\u00e1ria.<\/li>\n<\/ul>\n<p><strong>Benef\u00edcios<\/strong><\/p>\n<ul>\n<li>\u00a0\u00a0\u00a0 Educa seu animal a n\u00e3o fazer xixi no local indesejado.<\/li>\n<li>\u00a0\u00a0\u00a0 Maneira segura de treinamento.<\/li>\n<li>\u00a0\u00a0\u00a0 Protege os ambientes que n\u00e3o deseja servir de banheiro para seu c\u00e3ozinho.<\/li>\n<li>\u00a0\u00a0\u00a0 Facilita a limpeza do ambiente.<\/li>\n<\/ul>\n<p><strong>Modo de usar<\/strong><\/p>\n<p>Ap\u00f3s higienizar bem o local, borrifar 3(tr\u00eas) vezes onde o animal fez suas necessidades indevidamente.<br \/>\nRepreenda o animal e fa\u00e7a-o cheirar para que ele perceba que naquele local onde foi aplicado o Repelente Sanit\u00e1rio Sunny Pet, ficar\u00e1 um cheiro desagrad\u00e1vel para ele, e desta forma ir\u00e1 procurar o lugar certo para fazer suas necessidades.<br \/>\nPara ter sucesso no treinamento complemente com o uso do Atrativo Sanit\u00e1rio Sunny Pet.<br \/>\nSempre que limpar a casa higienize bem os locais onde n\u00e3o quer que o animal fa\u00e7a suas necessidades e borrife o Repelente Sanit\u00e1rio Sunny Pet .<br \/>\nNa fase inicial do treinamento usar diariamente, conforme ele vai se acostumando com o local borrifar 2(duas) vezes por semana ou at\u00e9 que ele esteja condicionado ao local certo.<\/p>\n<p><strong>Aten\u00e7\u00e3o:<\/strong> Em pisos de madeira e tecidos, fazer teste em uma pequena \u00e1rea antes da utiliza\u00e7\u00e3o.<\/p>\n","protected":false},"excerpt":{"rendered":"<ul>\n<li>\u00a0\u00a0\u00a0 Educa seu animal a n\u00e3o fazer xixi no local indesejado.<\/li>\n<li>\u00a0\u00a0\u00a0 Maneira segura de treinamento.<\/li>\n<li>\u00a0\u00a0\u00a0 Protege os ambientes que n\u00e3o deseja servir de banheiro para seu c\u00e3ozinho.<\/li>\n<li>\u00a0\u00a0\u00a0 Facilita a limpeza do ambiente.<\/li>\n<\/ul>\n","protected":false},"featured_media":360,"comment_status":"open","ping_status":"closed","template":"","meta":[],"product_brand":[],"product_cat":[16],"product_tag":[20,29,18,30],"class_list":{"0":"post-19","1":"product","2":"type-product","3":"status-publish","4":"has-post-thumbnail","6":"product_cat-adestramento","7":"product_tag-adestramento","8":"product_tag-repelente","9":"product_tag-sanitario","10":"product_tag-xixi-nao-pode","12":"first","13":"instock","14":"shipping-taxable","15":"product-type-simple"},"_links":{"self":[{"href":"https:\/\/sunnypet.com.br\/site\/wp-json\/wp\/v2\/product\/19","targetHints":{"allow":["GET"]}}],"collection":[{"href":"https:\/\/sunnypet.com.br\/site\/wp-json\/wp\/v2\/product"}],"about":[{"href":"https:\/\/sunnypet.com.br\/site\/wp-json\/wp\/v2\/types\/product"}],"replies":[{"embeddable":true,"href":"https:\/\/sunnypet.com.br\/site\/wp-json\/wp\/v2\/comments?post=19"}],"wp:featuredmedia":[{"embeddable":true,"href":"https:\/\/sunnypet.com.br\/site\/wp-json\/wp\/v2\/media\/360"}],"wp:attachment":[{"href":"https:\/\/sunnypet.com.br\/site\/wp-json\/wp\/v2\/media?parent=19"}],"wp:term":[{"taxonomy":"product_brand","embeddable":true,"href":"https:\/\/sunnypet.com.br\/site\/wp-json\/wp\/v2\/product_brand?post=19"},{"taxonomy":"product_cat","embeddable":true,"href":"https:\/\/sunnypet.com.br\/site\/wp-json\/wp\/v2\/product_cat?post=19"},{"taxonomy":"product_tag","embeddable":true,"href":"https:\/\/sunnypet.com.br\/site\/wp-json\/wp\/v2\/product_tag?post=19"}],"curies":[{"name":"wp","href":"https:\/\/api.w.org\/{rel}","templated":true}]}}