{"id":20,"date":"2021-07-27T12:16:09","date_gmt":"2021-07-27T15:16:09","guid":{"rendered":"http:\/\/sunnypet.com.br\/site\/?post_type=product&#038;p=20"},"modified":"2021-07-31T00:00:45","modified_gmt":"2021-07-31T03:00:45","slug":"limpa-lagrimas-55ml","status":"publish","type":"product","link":"https:\/\/sunnypet.com.br\/site\/produto\/limpa-lagrimas-55ml\/","title":{"rendered":"Limpa L\u00e1grimas 55ml"},"content":{"rendered":"<p><strong>Indica\u00e7\u00f5es<\/strong><\/p>\n<ul>\n<li>\u00a0\u00a0\u00a0 C\u00e3es<\/li>\n<li>\u00a0\u00a0\u00a0 Para todas as ra\u00e7as e idades<\/li>\n<li>\u00a0\u00a0\u00a0 Remover manchas de l\u00e1grimas<\/li>\n<li>\u00a0\u00a0\u00a0 Limpeza das dobras da pele (boxer, bulldog, sharpei e ra\u00e7as similares) .<\/li>\n<\/ul>\n<p><strong>Benef\u00edcios<\/strong><\/p>\n<ul>\n<li>\u00a0\u00a0\u00a0 Neutraliza a l\u00e1grima \u00e1cida.<\/li>\n<li>\u00a0\u00a0\u00a0 Hidrata a regi\u00e3o queimada pela l\u00e1grima.<\/li>\n<li>\u00a0\u00a0\u00a0 Clareia os pelos abaixo dos olhos.<\/li>\n<\/ul>\n<p><strong>Modo de usar:<\/strong><\/p>\n<p>Uso externo.<br \/>\nEmbeber um algod\u00e3o com o Limpa L\u00e1grimas Sunny Pet, higienizar a \u00e1rea abaixo dos olhos\u00a0 removendo secre\u00e7\u00f5es e crostas, espalhar uniformemente por toda a \u00e1rea.<br \/>\nO produto dever\u00e1 ser aplicado pelo menos 3 (tr\u00eas) vezes por semana, pois apresenta melhores resultados quando utilizado regularmente.<br \/>\nO amarelado \u00e9 removido ao longo do tempo e com o uso cont\u00ednuo.<\/p>\n","protected":false},"excerpt":{"rendered":"<ul>\n<li>\u00a0\u00a0\u00a0 Neutraliza a l\u00e1grima \u00e1cida.<\/li>\n<li>\u00a0\u00a0\u00a0 Hidrata a regi\u00e3o queimada pela l\u00e1grima.<\/li>\n<li>\u00a0\u00a0\u00a0 Clareia os pelos abaixo dos olhos.<\/li>\n<\/ul>\n","protected":false},"featured_media":375,"comment_status":"open","ping_status":"closed","template":"","meta":[],"product_brand":[],"product_cat":[31],"product_tag":[33,32,37,35,34,36],"class_list":{"0":"post-20","1":"product","2":"type-product","3":"status-publish","4":"has-post-thumbnail","6":"product_cat-cuidados-especiais","7":"product_tag-cao","8":"product_tag-cuidados-especiais","9":"product_tag-higiene","10":"product_tag-lagrima","11":"product_tag-limpa-lagrima","12":"product_tag-limpeza","14":"first","15":"instock","16":"shipping-taxable","17":"product-type-simple"},"_links":{"self":[{"href":"https:\/\/sunnypet.com.br\/site\/wp-json\/wp\/v2\/product\/20","targetHints":{"allow":["GET"]}}],"collection":[{"href":"https:\/\/sunnypet.com.br\/site\/wp-json\/wp\/v2\/product"}],"about":[{"href":"https:\/\/sunnypet.com.br\/site\/wp-json\/wp\/v2\/types\/product"}],"replies":[{"embeddable":true,"href":"https:\/\/sunnypet.com.br\/site\/wp-json\/wp\/v2\/comments?post=20"}],"wp:featuredmedia":[{"embeddable":true,"href":"https:\/\/sunnypet.com.br\/site\/wp-json\/wp\/v2\/media\/375"}],"wp:attachment":[{"href":"https:\/\/sunnypet.com.br\/site\/wp-json\/wp\/v2\/media?parent=20"}],"wp:term":[{"taxonomy":"product_brand","embeddable":true,"href":"https:\/\/sunnypet.com.br\/site\/wp-json\/wp\/v2\/product_brand?post=20"},{"taxonomy":"product_cat","embeddable":true,"href":"https:\/\/sunnypet.com.br\/site\/wp-json\/wp\/v2\/product_cat?post=20"},{"taxonomy":"product_tag","embeddable":true,"href":"https:\/\/sunnypet.com.br\/site\/wp-json\/wp\/v2\/product_tag?post=20"}],"curies":[{"name":"wp","href":"https:\/\/api.w.org\/{rel}","templated":true}]}}