{"id":21,"date":"2021-07-27T12:17:48","date_gmt":"2021-07-27T15:17:48","guid":{"rendered":"http:\/\/sunnypet.com.br\/site\/?post_type=product&#038;p=21"},"modified":"2021-07-31T00:00:24","modified_gmt":"2021-07-31T03:00:24","slug":"fluido-desembaracador-e-abrilhantador-500ml","status":"publish","type":"product","link":"https:\/\/sunnypet.com.br\/site\/produto\/fluido-desembaracador-e-abrilhantador-500ml\/","title":{"rendered":"Flu\u00eddo Desembara\u00e7ador e Abrilhantador 500ml"},"content":{"rendered":"<div class=\"indicacoes-beneficios\">\n<p><strong>Indica\u00e7\u00f5es<\/strong><\/p>\n<ul>\n<li>\u00a0\u00a0\u00a0 C\u00e3es de todas as ra\u00e7as e idades.<\/li>\n<li>\u00a0\u00a0\u00a0 Desembara\u00e7ar , desembolar e dar brilho aos pelos.<\/li>\n<li>\u00a0\u00a0\u00a0 Acelerar o tempo de secagem.<\/li>\n<li>\u00a0 \u00a0Na remo\u00e7\u00e3o de n\u00f3s<\/li>\n<\/ul>\n<p><strong>Benef\u00edcios<\/strong>.<\/p>\n<\/div>\n<div class=\"indicacoes-beneficios\">\n<ul>\n<li>\u00a0\u00a0\u00a0 N\u00e3o oleoso.<\/li>\n<li>\u00a0 \u00a0 Desembara\u00e7o dos pelos e remo\u00e7\u00e3o de n\u00f3s.<\/li>\n<li>\u00a0 \u00a0 M\u00e1ximo brilho e maciez.<\/li>\n<li>\u00a0\u00a0\u00a0 A\u00e7\u00e3o anti frizz.<\/li>\n<li>\u00a0 \u00a0 Prote\u00e7\u00e3o t\u00e9rmica.<\/li>\n<li>\u00a0 \u00a0 Secagem r\u00e1pida<\/li>\n<\/ul>\n<p><strong>Modo de usar:<\/strong><\/p>\n<\/div>\n<div class=\"indicacoes-beneficios\">Na remo\u00e7\u00e3o de n\u00f3s: Aplicar na regi\u00e3o embara\u00e7ada e com o aux\u00edlio de pente ou rasqueadeira promover a retirada dos n\u00f3s.<\/div>\n<div class=\"indicacoes-beneficios\">Na finaliza\u00e7\u00e3o: Ap\u00f3s o enx\u00e1gue com os pelos \u00famidos,borrifar o produto sobre a pelagem e iniciar a secagem e escova\u00e7\u00e3o.<br \/>\nDurante a aplica\u00e7\u00e3o proteger os olhos e ouvidos do animal.<\/div>\n","protected":false},"excerpt":{"rendered":"<ul>\n<li>\u00a0 \u00a0 N\u00e3o oleoso.<\/li>\n<li>\u00a0 \u00a0 Desembara\u00e7o dos pelos e remo\u00e7\u00e3o de n\u00f3s.<\/li>\n<li>\u00a0 \u00a0 M\u00e1ximo brilho e maciez.<\/li>\n<li>\u00a0\u00a0\u00a0 A\u00e7\u00e3o anti frizz.<\/li>\n<li>\u00a0 \u00a0 Prote\u00e7\u00e3o t\u00e9rmica.<\/li>\n<li>\u00a0 \u00a0 Secagem r\u00e1pida<\/li>\n<\/ul>\n","protected":false},"featured_media":374,"comment_status":"open","ping_status":"closed","template":"","meta":[],"product_brand":[],"product_cat":[31],"product_tag":[42,40,33,32,38,39,41],"class_list":{"0":"post-21","1":"product","2":"type-product","3":"status-publish","4":"has-post-thumbnail","6":"product_cat-cuidados-especiais","7":"product_tag-abrilhantador","8":"product_tag-brilho","9":"product_tag-cao","10":"product_tag-cuidados-especiais","11":"product_tag-desembaracador","12":"product_tag-fluido","13":"product_tag-tira-nos","15":"first","16":"instock","17":"shipping-taxable","18":"product-type-simple"},"_links":{"self":[{"href":"https:\/\/sunnypet.com.br\/site\/wp-json\/wp\/v2\/product\/21","targetHints":{"allow":["GET"]}}],"collection":[{"href":"https:\/\/sunnypet.com.br\/site\/wp-json\/wp\/v2\/product"}],"about":[{"href":"https:\/\/sunnypet.com.br\/site\/wp-json\/wp\/v2\/types\/product"}],"replies":[{"embeddable":true,"href":"https:\/\/sunnypet.com.br\/site\/wp-json\/wp\/v2\/comments?post=21"}],"wp:featuredmedia":[{"embeddable":true,"href":"https:\/\/sunnypet.com.br\/site\/wp-json\/wp\/v2\/media\/374"}],"wp:attachment":[{"href":"https:\/\/sunnypet.com.br\/site\/wp-json\/wp\/v2\/media?parent=21"}],"wp:term":[{"taxonomy":"product_brand","embeddable":true,"href":"https:\/\/sunnypet.com.br\/site\/wp-json\/wp\/v2\/product_brand?post=21"},{"taxonomy":"product_cat","embeddable":true,"href":"https:\/\/sunnypet.com.br\/site\/wp-json\/wp\/v2\/product_cat?post=21"},{"taxonomy":"product_tag","embeddable":true,"href":"https:\/\/sunnypet.com.br\/site\/wp-json\/wp\/v2\/product_tag?post=21"}],"curies":[{"name":"wp","href":"https:\/\/api.w.org\/{rel}","templated":true}]}}