{"id":24,"date":"2021-07-27T12:21:03","date_gmt":"2021-07-27T15:21:03","guid":{"rendered":"http:\/\/sunnypet.com.br\/site\/?post_type=product&#038;p=24"},"modified":"2021-07-30T23:59:09","modified_gmt":"2021-07-31T02:59:09","slug":"banho-a-seco-neutralizador-de-odores-500ml","status":"publish","type":"product","link":"https:\/\/sunnypet.com.br\/site\/produto\/banho-a-seco-neutralizador-de-odores-500ml\/","title":{"rendered":"Banho a Seco 500ml"},"content":{"rendered":"<p><strong>Indica\u00e7\u00f5es<\/strong><\/p>\n<ul>\n<li>\u00a0\u00a0\u00a0 C\u00e3es e gatos<\/li>\n<li>\u00a0 \u00a0 Neutralizador de Odores<\/li>\n<li>\u00a0\u00a0\u00a0 Para todas as ra\u00e7as e idades , inclusive filhotes<\/li>\n<li>\u00a0\u00a0\u00a0 Animais impossibilitados de tomar banho<\/li>\n<li>\u00a0\u00a0\u00a0 Na higiene \u00edntima de machos e f\u00eameas<\/li>\n<\/ul>\n<p><strong>Benef\u00edcios<\/strong><\/p>\n<ul>\n<li>\u00a0\u00a0\u00a0 Elimina odores indesej\u00e1veis.<\/li>\n<li>\u00a0\u00a0\u00a0 Remove a sujeira e a oleosidade dos pelos.<\/li>\n<li>\u00a0\u00a0\u00a0 Cont\u00e9m Lanolina que hidrata a pele do animal.<\/li>\n<li>\u00a0\u00a0\u00a0 Faz a manuten\u00e7\u00e3o entre banhos.<\/li>\n<li>\u00a0\u00a0\u00a0 Ideal para os dias frios.<\/li>\n<li>\u00a0\u00a0\u00a0 Auxilia no desembara\u00e7amento dos pelos.<\/li>\n<li>\u00a0\u00a0\u00a0 Pelos macios, sedosos e suavemente perfumados.<\/li>\n<\/ul>\n<p><strong>Modo de usar:<\/strong><\/p>\n<p>Abra os pelos do animal e aplique o Banho a Seco Sunny Pet\u00a0 neutralizador de odores, at\u00e9 umedece-los.<br \/>\nEm seguida, com o aux\u00edlio de um pano seco e macio retire todo o excesso do produto, caso necess\u00e1rio repita a opera\u00e7\u00e3o.<br \/>\nSe desejar fa\u00e7a a escova\u00e7\u00e3o como de costume, n\u00e3o \u00e9 necess\u00e1rio o uso do secador.<br \/>\nDurante a aplica\u00e7\u00e3o proteger os olhos e ouvidos do animal.<\/p>\n","protected":false},"excerpt":{"rendered":"<p>&nbsp;<\/p>\n<ul>\n<li>\u00a0\u00a0\u00a0 Elimina odores indesej\u00e1veis.<\/li>\n<li>\u00a0\u00a0\u00a0 Remove a sujeira e a oleosidade dos pelos.<\/li>\n<li>\u00a0\u00a0\u00a0 Cont\u00e9m Lanolina que hidrata a pele do animal.<\/li>\n<li>\u00a0\u00a0\u00a0 Faz a manuten\u00e7\u00e3o entre banhos.<\/li>\n<li>\u00a0\u00a0\u00a0 Ideal para os dias frios.<\/li>\n<li>\u00a0\u00a0\u00a0 Auxilia no desembara\u00e7amento dos pelos.<\/li>\n<li>\u00a0\u00a0\u00a0 Pelos macios, sedosos e suavemente perfumados.<\/li>\n<\/ul>\n","protected":false},"featured_media":373,"comment_status":"open","ping_status":"closed","template":"","meta":[],"product_brand":[],"product_cat":[31],"product_tag":[44,45,46,43,26],"class_list":{"0":"post-24","1":"product","2":"type-product","3":"status-publish","4":"has-post-thumbnail","6":"product_cat-cuidados-especiais","7":"product_tag-banho-a-seco","8":"product_tag-cao-e-gato","9":"product_tag-inverno","10":"product_tag-neutralizador-de-odores","11":"product_tag-odor","13":"first","14":"instock","15":"shipping-taxable","16":"product-type-simple"},"_links":{"self":[{"href":"https:\/\/sunnypet.com.br\/site\/wp-json\/wp\/v2\/product\/24","targetHints":{"allow":["GET"]}}],"collection":[{"href":"https:\/\/sunnypet.com.br\/site\/wp-json\/wp\/v2\/product"}],"about":[{"href":"https:\/\/sunnypet.com.br\/site\/wp-json\/wp\/v2\/types\/product"}],"replies":[{"embeddable":true,"href":"https:\/\/sunnypet.com.br\/site\/wp-json\/wp\/v2\/comments?post=24"}],"wp:featuredmedia":[{"embeddable":true,"href":"https:\/\/sunnypet.com.br\/site\/wp-json\/wp\/v2\/media\/373"}],"wp:attachment":[{"href":"https:\/\/sunnypet.com.br\/site\/wp-json\/wp\/v2\/media?parent=24"}],"wp:term":[{"taxonomy":"product_brand","embeddable":true,"href":"https:\/\/sunnypet.com.br\/site\/wp-json\/wp\/v2\/product_brand?post=24"},{"taxonomy":"product_cat","embeddable":true,"href":"https:\/\/sunnypet.com.br\/site\/wp-json\/wp\/v2\/product_cat?post=24"},{"taxonomy":"product_tag","embeddable":true,"href":"https:\/\/sunnypet.com.br\/site\/wp-json\/wp\/v2\/product_tag?post=24"}],"curies":[{"name":"wp","href":"https:\/\/api.w.org\/{rel}","templated":true}]}}