{"id":26,"date":"2021-07-27T12:57:34","date_gmt":"2021-07-27T15:57:34","guid":{"rendered":"http:\/\/sunnypet.com.br\/site\/?post_type=product&#038;p=26"},"modified":"2021-07-30T23:49:21","modified_gmt":"2021-07-31T02:49:21","slug":"limpa-patinhas-230ml","status":"publish","type":"product","link":"https:\/\/sunnypet.com.br\/site\/produto\/limpa-patinhas-230ml\/","title":{"rendered":"Limpa Patinhas 230ml"},"content":{"rendered":"<p><strong>Indica\u00e7\u00f5es<\/strong><\/p>\n<ul>\n<li>\u00a0\u00a0\u00a0 C\u00e3es<\/li>\n<li>\u00a0\u00a0\u00a0 Higieniza\u00e7\u00e3o das patas ap\u00f3s passeios<\/li>\n<li>\u00a0\u00a0\u00a0 Para todas as ra\u00e7as e idades<\/li>\n<\/ul>\n<p><strong>Benef\u00edcios<\/strong><\/p>\n<ul>\n<li>\u00a0\u00a0\u00a0 Evita a prolifera\u00e7\u00e3o de bact\u00e9rias.<\/li>\n<li>\u00a0\u00a0\u00a0 Limpeza intensa e segura.<\/li>\n<li>\u00a0\u00a0\u00a0 Contem D Pantenol.<\/li>\n<li>\u00a0\u00a0\u00a0 Hidrata e evita o ressecamento das almofadas plantares.<\/li>\n<li>\u00a0\u00a0\u00a0 Refresca.<\/li>\n<\/ul>\n<p><strong>Modo de usar:<\/strong><\/p>\n<p>Aplique uma pequena quantidade em um pano ou peda\u00e7o de algod\u00e3o e espalhe por toda a regi\u00e3o das patas, preferencialmente na parte inferior.<br \/>\nEm seguida retirar o excesso do produto com um pano seco.<br \/>\nAplicar sempre que o animal voltar do passeio.<\/p>\n<p>Aten\u00e7\u00e3o este produto n\u00e3o dever\u00e1 ser utilizado caso as patas estejam com ferimentos ou pequenas queimaduras provocadas por passeios\u00a0 nos dias de muito calor.<\/p>\n","protected":false},"excerpt":{"rendered":"<ul>\n<li>\u00a0\u00a0\u00a0 Evita a prolifera\u00e7\u00e3o de bact\u00e9rias.<\/li>\n<li>\u00a0\u00a0\u00a0 Limpeza intensa e segura.<\/li>\n<li>\u00a0\u00a0\u00a0 Contem D Pantenol.<\/li>\n<li>\u00a0\u00a0\u00a0 Hidrata e evita o ressecamento das almofadas plantares.<\/li>\n<li>\u00a0\u00a0\u00a0 Refresca.<\/li>\n<\/ul>\n<p>&nbsp;<\/p>\n","protected":false},"featured_media":378,"comment_status":"open","ping_status":"closed","template":"","meta":[],"product_brand":[],"product_cat":[31],"product_tag":[45,32,50,37,49],"class_list":{"0":"post-26","1":"product","2":"type-product","3":"status-publish","4":"has-post-thumbnail","6":"product_cat-cuidados-especiais","7":"product_tag-cao-e-gato","8":"product_tag-cuidados-especiais","9":"product_tag-hidratacao","10":"product_tag-higiene","11":"product_tag-limpa-patinhas","13":"first","14":"instock","15":"shipping-taxable","16":"product-type-simple"},"_links":{"self":[{"href":"https:\/\/sunnypet.com.br\/site\/wp-json\/wp\/v2\/product\/26","targetHints":{"allow":["GET"]}}],"collection":[{"href":"https:\/\/sunnypet.com.br\/site\/wp-json\/wp\/v2\/product"}],"about":[{"href":"https:\/\/sunnypet.com.br\/site\/wp-json\/wp\/v2\/types\/product"}],"replies":[{"embeddable":true,"href":"https:\/\/sunnypet.com.br\/site\/wp-json\/wp\/v2\/comments?post=26"}],"wp:featuredmedia":[{"embeddable":true,"href":"https:\/\/sunnypet.com.br\/site\/wp-json\/wp\/v2\/media\/378"}],"wp:attachment":[{"href":"https:\/\/sunnypet.com.br\/site\/wp-json\/wp\/v2\/media?parent=26"}],"wp:term":[{"taxonomy":"product_brand","embeddable":true,"href":"https:\/\/sunnypet.com.br\/site\/wp-json\/wp\/v2\/product_brand?post=26"},{"taxonomy":"product_cat","embeddable":true,"href":"https:\/\/sunnypet.com.br\/site\/wp-json\/wp\/v2\/product_cat?post=26"},{"taxonomy":"product_tag","embeddable":true,"href":"https:\/\/sunnypet.com.br\/site\/wp-json\/wp\/v2\/product_tag?post=26"}],"curies":[{"name":"wp","href":"https:\/\/api.w.org\/{rel}","templated":true}]}}