{"id":33,"date":"2021-07-27T17:08:47","date_gmt":"2021-07-27T20:08:47","guid":{"rendered":"http:\/\/sunnypet.com.br\/site\/?post_type=product&#038;p=33"},"modified":"2021-07-30T23:47:13","modified_gmt":"2021-07-31T02:47:13","slug":"body-splash-puppies-filhote-500ml","status":"publish","type":"product","link":"https:\/\/sunnypet.com.br\/site\/produto\/body-splash-puppies-filhote-500ml\/","title":{"rendered":"Body Splash Puppies (Filhote) 500ml"},"content":{"rendered":"<p><strong>Indica\u00e7\u00f5es<\/strong><\/p>\n<ul>\n<li>\u00a0\u00a0\u00a0 C\u00e3es e gatos<\/li>\n<li>\u00a0\u00a0\u00a0 Para todas as ra\u00e7as e idades<\/li>\n<\/ul>\n<p><strong>Benef\u00edcios<\/strong><\/p>\n<ul>\n<li>\u00a0\u00a0\u00a0 Fragr\u00e2ncia inspirada no perfume Mam\u00e3e e Beb\u00ea .<\/li>\n<li>\u00a0\u00a0\u00a0 \u00d3tima fixa\u00e7\u00e3o.<\/li>\n<li>\u00a0\u00a0\u00a0 N\u00e3o oleoso.<\/li>\n<\/ul>\n<p><strong>Modo de usar:<\/strong><\/p>\n<p>Aplique o produto no dorso do animal a uma dist\u00e2ncia de aproximadamente 10 (dez) cent\u00edmetros.<br \/>\nN\u00e3o deixe atingir os olhos, boca e ouvidos do animal.<\/p>\n","protected":false},"excerpt":{"rendered":"<ul>\n<li>\u00a0\u00a0\u00a0 Fragr\u00e2ncia inspirada no perfume Mam\u00e3e e Beb\u00ea .<\/li>\n<li>\u00a0\u00a0\u00a0 \u00d3tima fixa\u00e7\u00e3o.<\/li>\n<li>\u00a0\u00a0\u00a0 N\u00e3o oleoso.<\/li>\n<\/ul>\n<p>&nbsp;<\/p>\n","protected":false},"featured_media":364,"comment_status":"open","ping_status":"closed","template":"","meta":[],"product_brand":[],"product_cat":[51],"product_tag":[45,61,54,55,60],"class_list":{"0":"post-33","1":"product","2":"type-product","3":"status-publish","4":"has-post-thumbnail","6":"product_cat-perfume","7":"product_tag-cao-e-gato","8":"product_tag-filhote","9":"product_tag-fragrancia","10":"product_tag-perfume","11":"product_tag-puppies","13":"first","14":"instock","15":"shipping-taxable","16":"product-type-simple"},"_links":{"self":[{"href":"https:\/\/sunnypet.com.br\/site\/wp-json\/wp\/v2\/product\/33","targetHints":{"allow":["GET"]}}],"collection":[{"href":"https:\/\/sunnypet.com.br\/site\/wp-json\/wp\/v2\/product"}],"about":[{"href":"https:\/\/sunnypet.com.br\/site\/wp-json\/wp\/v2\/types\/product"}],"replies":[{"embeddable":true,"href":"https:\/\/sunnypet.com.br\/site\/wp-json\/wp\/v2\/comments?post=33"}],"wp:featuredmedia":[{"embeddable":true,"href":"https:\/\/sunnypet.com.br\/site\/wp-json\/wp\/v2\/media\/364"}],"wp:attachment":[{"href":"https:\/\/sunnypet.com.br\/site\/wp-json\/wp\/v2\/media?parent=33"}],"wp:term":[{"taxonomy":"product_brand","embeddable":true,"href":"https:\/\/sunnypet.com.br\/site\/wp-json\/wp\/v2\/product_brand?post=33"},{"taxonomy":"product_cat","embeddable":true,"href":"https:\/\/sunnypet.com.br\/site\/wp-json\/wp\/v2\/product_cat?post=33"},{"taxonomy":"product_tag","embeddable":true,"href":"https:\/\/sunnypet.com.br\/site\/wp-json\/wp\/v2\/product_tag?post=33"}],"curies":[{"name":"wp","href":"https:\/\/api.w.org\/{rel}","templated":true}]}}