{"id":35,"date":"2021-07-30T22:09:36","date_gmt":"2021-07-31T01:09:36","guid":{"rendered":"http:\/\/sunnypet.com.br\/site\/?post_type=product&#038;p=35"},"modified":"2021-12-03T20:09:38","modified_gmt":"2021-12-03T23:09:38","slug":"body-splash-summer-unissex-500ml","status":"publish","type":"product","link":"https:\/\/sunnypet.com.br\/site\/produto\/body-splash-summer-unissex-500ml\/","title":{"rendered":"Body Splash Summer (Unissex) 500ml"},"content":{"rendered":"<p><strong>Indica\u00e7\u00f5es<\/strong><\/p>\n<ul>\n<li>\u00a0\u00a0\u00a0 C\u00e3es e gatos<\/li>\n<li>\u00a0\u00a0\u00a0 Para todas as ra\u00e7as e idades<\/li>\n<\/ul>\n<p><strong>Benef\u00edcios<\/strong><\/p>\n<ul>\n<li>\u00a0\u00a0\u00a0 Fragr\u00e2ncia inspirada no perfume Light Blue.<\/li>\n<li>\u00a0\u00a0\u00a0 \u00d3tima fixa\u00e7\u00e3o.<\/li>\n<li>\u00a0\u00a0\u00a0 N\u00e3o oleoso.<\/li>\n<\/ul>\n<p><strong>Modo de usar:<\/strong><\/p>\n<p>Aplique o produto no dorso do animal a uma dist\u00e2ncia de aproximadamente 10 (dez) cent\u00edmetros.<br \/>\nN\u00e3o deixe atingir os olhos, boca e ouvidos do animal.<\/p>\n","protected":false},"excerpt":{"rendered":"<ul>\n<li>\u00a0 \u00a0 Fragr\u00e2ncia inspirada no perfume Light Blue.<\/li>\n<li>\u00a0\u00a0\u00a0 \u00d3tima fixa\u00e7\u00e3o.<\/li>\n<li>\u00a0\u00a0\u00a0 N\u00e3o oleoso.<\/li>\n<\/ul>\n","protected":false},"featured_media":394,"comment_status":"open","ping_status":"closed","template":"","meta":[],"product_brand":[],"product_cat":[51],"product_tag":[52,45,56,55,105],"class_list":{"0":"post-35","1":"product","2":"type-product","3":"status-publish","4":"has-post-thumbnail","6":"product_cat-perfume","7":"product_tag-body-splash","8":"product_tag-cao-e-gato","9":"product_tag-macho","10":"product_tag-perfume","11":"product_tag-summer","13":"first","14":"instock","15":"shipping-taxable","16":"product-type-simple"},"_links":{"self":[{"href":"https:\/\/sunnypet.com.br\/site\/wp-json\/wp\/v2\/product\/35","targetHints":{"allow":["GET"]}}],"collection":[{"href":"https:\/\/sunnypet.com.br\/site\/wp-json\/wp\/v2\/product"}],"about":[{"href":"https:\/\/sunnypet.com.br\/site\/wp-json\/wp\/v2\/types\/product"}],"replies":[{"embeddable":true,"href":"https:\/\/sunnypet.com.br\/site\/wp-json\/wp\/v2\/comments?post=35"}],"wp:featuredmedia":[{"embeddable":true,"href":"https:\/\/sunnypet.com.br\/site\/wp-json\/wp\/v2\/media\/394"}],"wp:attachment":[{"href":"https:\/\/sunnypet.com.br\/site\/wp-json\/wp\/v2\/media?parent=35"}],"wp:term":[{"taxonomy":"product_brand","embeddable":true,"href":"https:\/\/sunnypet.com.br\/site\/wp-json\/wp\/v2\/product_brand?post=35"},{"taxonomy":"product_cat","embeddable":true,"href":"https:\/\/sunnypet.com.br\/site\/wp-json\/wp\/v2\/product_cat?post=35"},{"taxonomy":"product_tag","embeddable":true,"href":"https:\/\/sunnypet.com.br\/site\/wp-json\/wp\/v2\/product_tag?post=35"}],"curies":[{"name":"wp","href":"https:\/\/api.w.org\/{rel}","templated":true}]}}