{"id":400,"date":"2021-08-02T18:09:59","date_gmt":"2021-08-02T21:09:59","guid":{"rendered":"https:\/\/sunnypet.com.br\/site\/?post_type=product&#038;p=400"},"modified":"2021-08-02T18:10:01","modified_gmt":"2021-08-02T21:10:01","slug":"condicionador-hidratante-230ml","status":"publish","type":"product","link":"https:\/\/sunnypet.com.br\/site\/produto\/condicionador-hidratante-230ml\/","title":{"rendered":"Condicionador Hidratante 230ml"},"content":{"rendered":"<p><strong>Indica\u00e7\u00f5es<\/strong><\/p>\n<ul>\n<li>\u00a0\u00a0\u00a0 C\u00e3es e gatos<\/li>\n<li>\u00a0\u00a0\u00a0 Para todas as ra\u00e7as e idades<\/li>\n<\/ul>\n<p><strong>Benef\u00edcios<\/strong><\/p>\n<ul>\n<li>\u00a0\u00a0\u00a0 Hidrata\u00e7\u00e3o profunda.<\/li>\n<li>\u00a0\u00a0\u00a0 Protege os pelos do calor do secador.<\/li>\n<li>\u00a0\u00a0\u00a0 Cont\u00e9m silicones de \u00faltima gera\u00e7\u00e3o.<\/li>\n<li>\u00a0\u00a0\u00a0 N\u00e3o deixa os pelos oleosos.<\/li>\n<li>\u00a0\u00a0\u00a0 Deixa os pelos bem macios, brilhosos e perfumados.<\/li>\n<li>\u00a0\u00a0\u00a0 .Cont\u00e9m \u00d3leo de Macad\u00e2mia , Col\u00e1geno e Queratina.<\/li>\n<li>\u00a0\u00a0\u00a0 Rep\u00f5e os nutrientes da pelagem.<\/li>\n<li>\u00a0\u00a0\u00a0 F\u00e1cil enx\u00e1gue.<\/li>\n<li>\u00a0\u00a0\u00a0 Secagem r\u00e1pida.<\/li>\n<li>\u00a0\u00a0\u00a0 Melhora a penteabilidade dos fios.<\/li>\n<li>\u00a0\u00a0\u00a0 \u00d3timo rendimento.<\/li>\n<\/ul>\n<p><strong>Modo de usar:<\/strong><\/p>\n<p>Ap\u00f3s o banho com os shampoos da linha Sunny Pet, aplique o Condicionador nos pelos\u00a0 molhados e massageie at\u00e9 distribuir o produto uniformemente sobre a pelagem.<br \/>\nDeixe agir de 5 (cinco) a 10 (dez) minutos.<br \/>\nEnx\u00e1gue at\u00e9 completa remo\u00e7\u00e3o do produto.<br \/>\nDurante o banho proteger os olhos e ouvidos do animal.<\/p>\n","protected":false},"excerpt":{"rendered":"<ul>\n<li>\u00a0\u00a0\u00a0 Hidrata\u00e7\u00e3o profunda.<\/li>\n<li>\u00a0\u00a0\u00a0 Protege os pelos do calor do secador.<\/li>\n<li>\u00a0\u00a0\u00a0 Cont\u00e9m silicones de \u00faltima gera\u00e7\u00e3o.<\/li>\n<li>\u00a0\u00a0\u00a0 N\u00e3o deixa os pelos oleosos.<\/li>\n<li>\u00a0\u00a0\u00a0 Deixa os pelos bem macios, brilhosos e perfumados.<\/li>\n<li>\u00a0\u00a0\u00a0 .Cont\u00e9m \u00d3leo de Macad\u00e2mia , Col\u00e1geno e Queratina.<\/li>\n<li>\u00a0\u00a0\u00a0 Rep\u00f5e os nutrientes da pelagem.<\/li>\n<li>\u00a0\u00a0\u00a0 F\u00e1cil enx\u00e1gue.<\/li>\n<li>\u00a0\u00a0\u00a0 Secagem r\u00e1pida.<\/li>\n<li>\u00a0\u00a0\u00a0 Melhora a penteabilidade dos fios.<\/li>\n<li>\u00a0\u00a0\u00a0 \u00d3timo rendimento.<\/li>\n<\/ul>\n","protected":false},"featured_media":379,"comment_status":"open","ping_status":"closed","template":"","meta":[],"product_brand":[],"product_cat":[106],"product_tag":[109,107,110,108,111],"class_list":{"0":"post-400","1":"product","2":"type-product","3":"status-publish","4":"has-post-thumbnail","6":"product_cat-shampoo-e-condicionador","7":"product_tag-banho","8":"product_tag-condicionador","9":"product_tag-pelagem","10":"product_tag-pelo","11":"product_tag-shampoo","13":"first","14":"instock","15":"shipping-taxable","16":"product-type-simple"},"_links":{"self":[{"href":"https:\/\/sunnypet.com.br\/site\/wp-json\/wp\/v2\/product\/400","targetHints":{"allow":["GET"]}}],"collection":[{"href":"https:\/\/sunnypet.com.br\/site\/wp-json\/wp\/v2\/product"}],"about":[{"href":"https:\/\/sunnypet.com.br\/site\/wp-json\/wp\/v2\/types\/product"}],"replies":[{"embeddable":true,"href":"https:\/\/sunnypet.com.br\/site\/wp-json\/wp\/v2\/comments?post=400"}],"wp:featuredmedia":[{"embeddable":true,"href":"https:\/\/sunnypet.com.br\/site\/wp-json\/wp\/v2\/media\/379"}],"wp:attachment":[{"href":"https:\/\/sunnypet.com.br\/site\/wp-json\/wp\/v2\/media?parent=400"}],"wp:term":[{"taxonomy":"product_brand","embeddable":true,"href":"https:\/\/sunnypet.com.br\/site\/wp-json\/wp\/v2\/product_brand?post=400"},{"taxonomy":"product_cat","embeddable":true,"href":"https:\/\/sunnypet.com.br\/site\/wp-json\/wp\/v2\/product_cat?post=400"},{"taxonomy":"product_tag","embeddable":true,"href":"https:\/\/sunnypet.com.br\/site\/wp-json\/wp\/v2\/product_tag?post=400"}],"curies":[{"name":"wp","href":"https:\/\/api.w.org\/{rel}","templated":true}]}}