{"id":403,"date":"2021-08-02T18:16:50","date_gmt":"2021-08-02T21:16:50","guid":{"rendered":"https:\/\/sunnypet.com.br\/site\/?post_type=product&#038;p=403"},"modified":"2021-08-02T18:16:51","modified_gmt":"2021-08-02T21:16:51","slug":"mascara-de-hidratacao-reparacao-e-nutricao-500g","status":"publish","type":"product","link":"https:\/\/sunnypet.com.br\/site\/produto\/mascara-de-hidratacao-reparacao-e-nutricao-500g\/","title":{"rendered":"M\u00e1scara de Hidrata\u00e7\u00e3o, Repara\u00e7\u00e3o e Nutri\u00e7\u00e3o 500g"},"content":{"rendered":"<p><strong>Indica\u00e7\u00f5es<\/strong><\/p>\n<ul>\n<li>\u00a0\u00a0\u00a0 C\u00e3es e gatos<\/li>\n<li>\u00a0\u00a0\u00a0 Para todas as ra\u00e7as e idades<\/li>\n<\/ul>\n<p><strong>Benef\u00edcios<\/strong><\/p>\n<ul>\n<li>\u00a0\u00a0\u00a0 M\u00e1xima hidrata\u00e7\u00e3o e brilho.<\/li>\n<li>\u00a0\u00a0\u00a0 Protege os pelos do calor do secador.<\/li>\n<li>\u00a0\u00a0\u00a0 Cont\u00e9m Microesferas de silicones de \u00faltima gera\u00e7\u00e3o.<\/li>\n<li>\u00a0\u00a0\u00a0 N\u00e3o deixa toque oleoso.<\/li>\n<li>\u00a0\u00a0\u00a0 Deixa os pelos bem macios, brilhantes e muito perfumados.<\/li>\n<li>\u00a0\u00a0\u00a0 Cont\u00e9m \u00d3leo de Argan, Vitaminas A, B, E, \u00d3leo de frutas e \u00d3leo de Gergelim.<\/li>\n<li>\u00a0\u00a0\u00a0 Rep\u00f5e os nutrientes da pelagem.<\/li>\n<li>\u00a0\u00a0\u00a0 F\u00e1cil enx\u00e1gue.<\/li>\n<li>\u00a0\u00a0\u00a0 Secagem r\u00e1pida.<\/li>\n<li>\u00a0\u00a0\u00a0 Mant\u00e9m a leveza dos pelos.<\/li>\n<li>\u00a0\u00a0\u00a0 Melhora a penteabilidade dos fios.<\/li>\n<li>\u00a0\u00a0\u00a0 \u00d3timo rendimento.<\/li>\n<\/ul>\n<p><strong>Modo de usar:<\/strong><\/p>\n<p>Ap\u00f3s o banho com os shampoos da linha Sunny Pet, aplique a M\u00e1scara de Hidrata\u00e7\u00e3o, Repara\u00e7\u00e3o e Nutri\u00e7\u00e3o Sunny Pet\u00a0 nos pelos\u00a0 molhados e massageie at\u00e9 completa distribui\u00e7\u00e3o do produto sobre a pelagem.<br \/>\nDeixe agir de 5 (cinco) a 10 (dez) minutos.<br \/>\nEnx\u00e1gue at\u00e9 completa remo\u00e7\u00e3o do produto.<br \/>\nProceda a secagem como de costume.<br \/>\nDurante o banho proteger os olhos e ouvidos do animal.<\/p>\n","protected":false},"excerpt":{"rendered":"<ul>\n<li>\u00a0\u00a0\u00a0 M\u00e1xima hidrata\u00e7\u00e3o e brilho.<\/li>\n<li>\u00a0\u00a0\u00a0 Protege os pelos do calor do secador.<\/li>\n<li>\u00a0\u00a0\u00a0 Cont\u00e9m Microesferas de silicones de \u00faltima gera\u00e7\u00e3o.<\/li>\n<li>\u00a0\u00a0\u00a0 N\u00e3o deixa toque oleoso.<\/li>\n<li>\u00a0\u00a0\u00a0 Deixa os pelos bem macios, brilhantes e muito perfumados.<\/li>\n<li>\u00a0\u00a0\u00a0 Cont\u00e9m \u00d3leo de Argan, Vitaminas A, B, E, \u00d3leo de frutas e \u00d3leo de Gergelim.<\/li>\n<li>\u00a0\u00a0\u00a0 Rep\u00f5e os nutrientes da pelagem.<\/li>\n<li>\u00a0\u00a0\u00a0 F\u00e1cil enx\u00e1gue.<\/li>\n<li>\u00a0\u00a0\u00a0 Secagem r\u00e1pida.<\/li>\n<li>\u00a0\u00a0\u00a0 Mant\u00e9m a leveza dos pelos.<\/li>\n<li>\u00a0\u00a0\u00a0 Melhora a penteabilidade dos fios.<\/li>\n<li>\u00a0\u00a0\u00a0 \u00d3timo rendimento.<\/li>\n<\/ul>\n","protected":false},"featured_media":382,"comment_status":"open","ping_status":"closed","template":"","meta":[],"product_brand":[],"product_cat":[106],"product_tag":[33,107,50,111],"class_list":{"0":"post-403","1":"product","2":"type-product","3":"status-publish","4":"has-post-thumbnail","6":"product_cat-shampoo-e-condicionador","7":"product_tag-cao","8":"product_tag-condicionador","9":"product_tag-hidratacao","10":"product_tag-shampoo","12":"first","13":"instock","14":"shipping-taxable","15":"product-type-simple"},"_links":{"self":[{"href":"https:\/\/sunnypet.com.br\/site\/wp-json\/wp\/v2\/product\/403","targetHints":{"allow":["GET"]}}],"collection":[{"href":"https:\/\/sunnypet.com.br\/site\/wp-json\/wp\/v2\/product"}],"about":[{"href":"https:\/\/sunnypet.com.br\/site\/wp-json\/wp\/v2\/types\/product"}],"replies":[{"embeddable":true,"href":"https:\/\/sunnypet.com.br\/site\/wp-json\/wp\/v2\/comments?post=403"}],"wp:featuredmedia":[{"embeddable":true,"href":"https:\/\/sunnypet.com.br\/site\/wp-json\/wp\/v2\/media\/382"}],"wp:attachment":[{"href":"https:\/\/sunnypet.com.br\/site\/wp-json\/wp\/v2\/media?parent=403"}],"wp:term":[{"taxonomy":"product_brand","embeddable":true,"href":"https:\/\/sunnypet.com.br\/site\/wp-json\/wp\/v2\/product_brand?post=403"},{"taxonomy":"product_cat","embeddable":true,"href":"https:\/\/sunnypet.com.br\/site\/wp-json\/wp\/v2\/product_cat?post=403"},{"taxonomy":"product_tag","embeddable":true,"href":"https:\/\/sunnypet.com.br\/site\/wp-json\/wp\/v2\/product_tag?post=403"}],"curies":[{"name":"wp","href":"https:\/\/api.w.org\/{rel}","templated":true}]}}