{"id":408,"date":"2021-08-02T18:26:37","date_gmt":"2021-08-02T21:26:37","guid":{"rendered":"https:\/\/sunnypet.com.br\/site\/?post_type=product&#038;p=408"},"modified":"2024-08-26T13:46:31","modified_gmt":"2024-08-26T16:46:31","slug":"shampoo-e-condicionador-pitanga-e-acai-340ml","status":"publish","type":"product","link":"https:\/\/sunnypet.com.br\/site\/produto\/shampoo-e-condicionador-pitanga-e-acai-340ml\/","title":{"rendered":"Shampoo e Condicionador Pitanga e A\u00e7a\u00ed 340mL"},"content":{"rendered":"<p><strong>Indica\u00e7\u00f5es<\/strong><\/p>\n<ul>\n<li>\u00a0\u00a0\u00a0 C\u00e3es e gatos<\/li>\n<li>\u00a0\u00a0\u00a0 Para todas as ra\u00e7as e idades<\/li>\n<li>\u00a0\u00a0\u00a0 Pelos Oleosos<\/li>\n<li>\u00a0\u00a0\u00a0 Na pr\u00e9-lavagem ou lavagem<\/li>\n<\/ul>\n<p><strong>Benef\u00edcios<\/strong><\/p>\n<ul>\n<li>\u00a0\u00a0\u00a0 Shampoo e condicionador (2 em 1).<\/li>\n<li>\u00a0\u00a0\u00a0 F\u00f3rmula sem sal.<\/li>\n<li>\u00a0\u00a0\u00a0 Ph balanceado.<\/li>\n<li>\u00a0\u00a0\u00a0 N\u00e3o agride a pele do animal.<\/li>\n<li>\u00a0\u00a0\u00a0 Controla a oleosidade dos pelos e sub pelos.<\/li>\n<li>\u00a0\u00a0\u00a0 Deixa os pelos macios, sedosos, luminosos e suavemente perfumados.<\/li>\n<li>\u00a0\u00a0\u00a0 Cont\u00e9m vitaminas A, B2, B3 e C.<\/li>\n<li>\u00a0\u00a0\u00a0 O extrato de Pitanga cont\u00e9m propriedades adstringentes e hidratantes.<\/li>\n<\/ul>\n<p><strong>Modo de usar:<\/strong><\/p>\n<p>Aplique o produto nos pelos bem molhados e massageie at\u00e9 formar espuma. Deixe a espuma agir por 5 (cinco) minutos.<br \/>\nEnx\u00e1gue e se necess\u00e1rio repita a aplica\u00e7\u00e3o at\u00e9 a \u00e1gua sair clara.<br \/>\nAnimais de pelagem longa sugerimos aplicar a M\u00e1scara de Hidrata\u00e7\u00e3o, Repara\u00e7\u00e3o e Nutri\u00e7\u00e3o Sunny Pet.<br \/>\nPara auxiliar na secagem sugerimos aplicar na pontas dos pelos o condicionador sem enxague Leave On Sunny Pet<br \/>\nDurante o banho proteger os olhos e ouvidos do animal.<\/p>\n","protected":false},"excerpt":{"rendered":"<h3>Rende 4x mais!<br \/>\nDilui\u00e7\u00e3o 1:4<\/h3>\n<ul>\n<li>\u00a0\u00a0\u00a0 Shampoo e condicionador (2 em 1).<\/li>\n<li>\u00a0\u00a0\u00a0 F\u00f3rmula sem sal.<\/li>\n<li>\u00a0\u00a0\u00a0 Ph balanceado.<\/li>\n<li>\u00a0\u00a0\u00a0 N\u00e3o agride a pele do animal.<\/li>\n<li>\u00a0\u00a0\u00a0 Controla a oleosidade dos pelos e sub pelos.<\/li>\n<li>\u00a0\u00a0\u00a0 Deixa os pelos macios, sedosos, luminosos e suavemente perfumados.<\/li>\n<li>\u00a0\u00a0\u00a0 Cont\u00e9m vitaminas A, B2, B3 e C.<\/li>\n<li>\u00a0\u00a0\u00a0 O extrato de Pitanga cont\u00e9m propriedades adstringentes e hidratantes.<\/li>\n<\/ul>\n","protected":false},"featured_media":690,"comment_status":"open","ping_status":"closed","template":"","meta":[],"product_brand":[],"product_cat":[106],"product_tag":[107,113,118,111],"class_list":{"0":"post-408","1":"product","2":"type-product","3":"status-publish","4":"has-post-thumbnail","6":"product_cat-shampoo-e-condicionador","7":"product_tag-condicionador","8":"product_tag-diluicao-14","9":"product_tag-pitanga-e-acai","10":"product_tag-shampoo","12":"first","13":"instock","14":"shipping-taxable","15":"product-type-simple"},"_links":{"self":[{"href":"https:\/\/sunnypet.com.br\/site\/wp-json\/wp\/v2\/product\/408","targetHints":{"allow":["GET"]}}],"collection":[{"href":"https:\/\/sunnypet.com.br\/site\/wp-json\/wp\/v2\/product"}],"about":[{"href":"https:\/\/sunnypet.com.br\/site\/wp-json\/wp\/v2\/types\/product"}],"replies":[{"embeddable":true,"href":"https:\/\/sunnypet.com.br\/site\/wp-json\/wp\/v2\/comments?post=408"}],"wp:featuredmedia":[{"embeddable":true,"href":"https:\/\/sunnypet.com.br\/site\/wp-json\/wp\/v2\/media\/690"}],"wp:attachment":[{"href":"https:\/\/sunnypet.com.br\/site\/wp-json\/wp\/v2\/media?parent=408"}],"wp:term":[{"taxonomy":"product_brand","embeddable":true,"href":"https:\/\/sunnypet.com.br\/site\/wp-json\/wp\/v2\/product_brand?post=408"},{"taxonomy":"product_cat","embeddable":true,"href":"https:\/\/sunnypet.com.br\/site\/wp-json\/wp\/v2\/product_cat?post=408"},{"taxonomy":"product_tag","embeddable":true,"href":"https:\/\/sunnypet.com.br\/site\/wp-json\/wp\/v2\/product_tag?post=408"}],"curies":[{"name":"wp","href":"https:\/\/api.w.org\/{rel}","templated":true}]}}