{"id":409,"date":"2021-08-02T18:34:51","date_gmt":"2021-08-02T21:34:51","guid":{"rendered":"https:\/\/sunnypet.com.br\/site\/?post_type=product&#038;p=409"},"modified":"2021-08-02T18:35:07","modified_gmt":"2021-08-02T21:35:07","slug":"shampoo-limpeza-profunda","status":"publish","type":"product","link":"https:\/\/sunnypet.com.br\/site\/produto\/shampoo-limpeza-profunda\/","title":{"rendered":"Shampoo Limpeza Profunda 5L"},"content":{"rendered":"<p><strong>Indica\u00e7\u00f5es<\/strong><\/p>\n<ul>\n<li>Para todas as ra\u00e7as de c\u00e3es com idade a partir de 08 meses<\/li>\n<li>Na pr\u00e9-lavagem<\/li>\n<\/ul>\n<p>&nbsp;<\/p>\n<p><strong>Benef\u00edcios<\/strong><\/p>\n<ul>\n<li>Limpeza profunda dos pelos e sub pelos<\/li>\n<li>Elimina o mau odor<\/li>\n<li>Remove totalmente at\u00e9 a sujeira mais dif\u00edcil e res\u00edduos de finalizadores acumulados na pelagem<\/li>\n<li>\u00d3timo rendimento ( Dilui\u00e7\u00e3o 1:4 )<\/li>\n<\/ul>\n<p>&nbsp;<\/p>\n<p><strong>Modo de Usar<\/strong><\/p>\n<p>Aplique o produto nos pelos bem molhados e massageie at\u00e9 formar espuma. Enx\u00e1gue bem at\u00e9 a completa remo\u00e7\u00e3o do shampoo. Se necess\u00e1rio repita a aplica\u00e7\u00e3o. Para um melhor acabamento, recomenda-se aplicar em seguida, um dos Shampoos finalizadores Sunny Pet mais adequado \u00e0 pelagem do animal e o Condicionador Hidratante.<\/p>\n<p>Durante o banho, proteger os olhos, ouvidos e boca do animal.<\/p>\n<p>N\u00c3O DEIXAR O PRODUTO ENTRAR NOS OLHOS DO ANIMAL<\/p>\n","protected":false},"excerpt":{"rendered":"<h3>Rende 4x mais!<br \/>\nDilui\u00e7\u00e3o 1:4<\/h3>\n<ul>\n<li>Limpeza profunda dos pelos e sub pelos<\/li>\n<li>Elimina o mau odor, neutralizador de odores<\/li>\n<li>Remove totalmente at\u00e9 a sujeira mais dif\u00edcil e res\u00edduos de finalizadores acumulados na pelagem<\/li>\n<li>\u00d3timo rendimento<\/li>\n<\/ul>\n","protected":false},"featured_media":386,"comment_status":"open","ping_status":"closed","template":"","meta":[],"product_brand":[],"product_cat":[106],"product_tag":[113,119,43,111],"class_list":{"0":"post-409","1":"product","2":"type-product","3":"status-publish","4":"has-post-thumbnail","6":"product_cat-shampoo-e-condicionador","7":"product_tag-diluicao-14","8":"product_tag-limpeza-profunda","9":"product_tag-neutralizador-de-odores","10":"product_tag-shampoo","12":"first","13":"instock","14":"shipping-taxable","15":"product-type-simple"},"_links":{"self":[{"href":"https:\/\/sunnypet.com.br\/site\/wp-json\/wp\/v2\/product\/409","targetHints":{"allow":["GET"]}}],"collection":[{"href":"https:\/\/sunnypet.com.br\/site\/wp-json\/wp\/v2\/product"}],"about":[{"href":"https:\/\/sunnypet.com.br\/site\/wp-json\/wp\/v2\/types\/product"}],"replies":[{"embeddable":true,"href":"https:\/\/sunnypet.com.br\/site\/wp-json\/wp\/v2\/comments?post=409"}],"wp:featuredmedia":[{"embeddable":true,"href":"https:\/\/sunnypet.com.br\/site\/wp-json\/wp\/v2\/media\/386"}],"wp:attachment":[{"href":"https:\/\/sunnypet.com.br\/site\/wp-json\/wp\/v2\/media?parent=409"}],"wp:term":[{"taxonomy":"product_brand","embeddable":true,"href":"https:\/\/sunnypet.com.br\/site\/wp-json\/wp\/v2\/product_brand?post=409"},{"taxonomy":"product_cat","embeddable":true,"href":"https:\/\/sunnypet.com.br\/site\/wp-json\/wp\/v2\/product_cat?post=409"},{"taxonomy":"product_tag","embeddable":true,"href":"https:\/\/sunnypet.com.br\/site\/wp-json\/wp\/v2\/product_tag?post=409"}],"curies":[{"name":"wp","href":"https:\/\/api.w.org\/{rel}","templated":true}]}}