{"id":411,"date":"2021-08-02T18:28:20","date_gmt":"2021-08-02T21:28:20","guid":{"rendered":"https:\/\/sunnypet.com.br\/site\/?post_type=product&#038;p=411"},"modified":"2021-08-02T18:29:03","modified_gmt":"2021-08-02T21:29:03","slug":"shampoo-e-condicionador-branqueador-5l","status":"publish","type":"product","link":"https:\/\/sunnypet.com.br\/site\/produto\/shampoo-e-condicionador-branqueador-5l\/","title":{"rendered":"Shampoo e Condicionador Branqueador 5L"},"content":{"rendered":"<p><strong>Indica\u00e7\u00f5es<\/strong><\/p>\n<ul>\n<li>\u00a0\u00a0\u00a0 C\u00e3es e gatos<\/li>\n<li>\u00a0\u00a0\u00a0 Para todas as ra\u00e7as e idades<\/li>\n<li>\u00a0\u00a0\u00a0 Animais de pelagem clara ou branca<\/li>\n<li>\u00a0\u00a0\u00a0 Na pr\u00e9-lavagem ou lavagem<\/li>\n<\/ul>\n<p><strong>Benef\u00edcios<\/strong><\/p>\n<ul>\n<li>\u00a0\u00a0\u00a0 Shampoo e condicionador (2 em 1).<\/li>\n<li>\u00a0\u00a0\u00a0 F\u00f3rmula sem sal.<\/li>\n<li>\u00a0\u00a0\u00a0 Cont\u00e9m branqueador \u00f3ptico cosm\u00e9tico que acentua a cor branca.<\/li>\n<li>\u00a0\u00a0\u00a0 Reduz o amarelado dos pelos.<\/li>\n<li>\u00a0\u00a0\u00a0 Clareia a pelagem.<\/li>\n<li>\u00a0\u00a0\u00a0 N\u00e3o mancha os pelos.<\/li>\n<li>\u00a0\u00a0\u00a0 Ph balanceado.<\/li>\n<li>\u00a0\u00a0\u00a0 N\u00e3o agride a pele do animal.<\/li>\n<li>\u00a0\u00a0\u00a0 \u00d3tima higieniza\u00e7\u00e3o dos pelos e sub pelos.<\/li>\n<li>\u00a0\u00a0\u00a0 Deixa a pelagem bonita, macia, brilhante e suavemente perfumada.<\/li>\n<li>\u00a0\u00a0\u00a0 \u00d3timo rendimento.<\/li>\n<\/ul>\n<p><strong>Modo de usar:<\/strong><\/p>\n<p>Aplique o produto nos pelos bem molhados e massageie at\u00e9 formar espuma. Deixe a espuma agir por 5 (cinco) minutos.<br \/>\nEnxague e se necess\u00e1rio repita a aplica\u00e7\u00e3o at\u00e9 a \u00e1gua sair clara.<br \/>\nAnimais de pelagem longa sugerimos aplicar a M\u00e1scara de Hidrata\u00e7\u00e3o, Repara\u00e7\u00e3o e Nutri\u00e7\u00e3o Sunny Pet.<br \/>\nPara auxiliar na secagem sugerimos aplicar na pontas dos pelos o condicionador sem enxague Leave On Sunny Pet.<br \/>\nPode ser aplicado puro ou dilu\u00eddo em at\u00e9 4 (quatro) vezes.<br \/>\nDurante o banho proteger os olhos e ouvidos do animal.<\/p>\n","protected":false},"excerpt":{"rendered":"<h3>Rende 4x mais!<br \/>\nDilui\u00e7\u00e3o 1:4<\/h3>\n<ul>\n<li>\u00a0 \u00a0 Shampoo e condicionador (2 em 1).<\/li>\n<li>\u00a0\u00a0\u00a0 F\u00f3rmula sem sal.<\/li>\n<li>\u00a0\u00a0\u00a0 Cont\u00e9m branqueador \u00f3ptico cosm\u00e9tico que acentua a cor branca.<\/li>\n<li>\u00a0\u00a0\u00a0 Reduz o amarelado dos pelos.<\/li>\n<li>\u00a0\u00a0\u00a0 Clareia a pelagem.<\/li>\n<li>\u00a0\u00a0\u00a0 N\u00e3o mancha os pelos.<\/li>\n<li>\u00a0\u00a0\u00a0 Ph balanceado.<\/li>\n<li>\u00a0\u00a0\u00a0 N\u00e3o agride a pele do animal.<\/li>\n<li>\u00a0\u00a0\u00a0 \u00d3tima higieniza\u00e7\u00e3o dos pelos e sub pelos.<\/li>\n<li>\u00a0\u00a0\u00a0 Deixa a pelagem bonita, macia, brilhante e suavemente perfumada.<\/li>\n<li>\u00a0\u00a0\u00a0 \u00d3timo rendimento.<\/li>\n<\/ul>\n","protected":false},"featured_media":384,"comment_status":"open","ping_status":"closed","template":"","meta":[],"product_brand":[],"product_cat":[106],"product_tag":[116,107,113,111],"class_list":{"0":"post-411","1":"product","2":"type-product","3":"status-publish","4":"has-post-thumbnail","6":"product_cat-shampoo-e-condicionador","7":"product_tag-branqueador","8":"product_tag-condicionador","9":"product_tag-diluicao-14","10":"product_tag-shampoo","12":"first","13":"instock","14":"shipping-taxable","15":"product-type-simple"},"_links":{"self":[{"href":"https:\/\/sunnypet.com.br\/site\/wp-json\/wp\/v2\/product\/411","targetHints":{"allow":["GET"]}}],"collection":[{"href":"https:\/\/sunnypet.com.br\/site\/wp-json\/wp\/v2\/product"}],"about":[{"href":"https:\/\/sunnypet.com.br\/site\/wp-json\/wp\/v2\/types\/product"}],"replies":[{"embeddable":true,"href":"https:\/\/sunnypet.com.br\/site\/wp-json\/wp\/v2\/comments?post=411"}],"wp:featuredmedia":[{"embeddable":true,"href":"https:\/\/sunnypet.com.br\/site\/wp-json\/wp\/v2\/media\/384"}],"wp:attachment":[{"href":"https:\/\/sunnypet.com.br\/site\/wp-json\/wp\/v2\/media?parent=411"}],"wp:term":[{"taxonomy":"product_brand","embeddable":true,"href":"https:\/\/sunnypet.com.br\/site\/wp-json\/wp\/v2\/product_brand?post=411"},{"taxonomy":"product_cat","embeddable":true,"href":"https:\/\/sunnypet.com.br\/site\/wp-json\/wp\/v2\/product_cat?post=411"},{"taxonomy":"product_tag","embeddable":true,"href":"https:\/\/sunnypet.com.br\/site\/wp-json\/wp\/v2\/product_tag?post=411"}],"curies":[{"name":"wp","href":"https:\/\/api.w.org\/{rel}","templated":true}]}}