{"id":414,"date":"2021-08-02T18:36:56","date_gmt":"2021-08-02T21:36:56","guid":{"rendered":"https:\/\/sunnypet.com.br\/site\/?post_type=product&#038;p=414"},"modified":"2021-08-13T20:37:25","modified_gmt":"2021-08-13T23:37:25","slug":"shampoo-pre-lavagem-5l","status":"publish","type":"product","link":"https:\/\/sunnypet.com.br\/site\/produto\/shampoo-pre-lavagem-5l\/","title":{"rendered":"Shampoo Pr\u00e9-Lavagem 5L"},"content":{"rendered":"<p><strong>Indica\u00e7\u00f5es<\/strong><\/p>\n<ul>\n<li>\u00a0\u00a0\u00a0 C\u00e3es e gatos<\/li>\n<li>\u00a0\u00a0\u00a0 Para todas as ra\u00e7as e idades<\/li>\n<li>\u00a0\u00a0\u00a0 Na pr\u00e9-lavagem<\/li>\n<\/ul>\n<p><strong>Benef\u00edcios<\/strong><\/p>\n<ul>\n<li>\u00a0\u00a0\u00a0 Alto poder de limpeza.<\/li>\n<li>\u00a0\u00a0\u00a0 Substitui sab\u00f5es e sabonetes.<\/li>\n<li>\u00a0\u00a0\u00a0 Ph balanceado.<\/li>\n<li>\u00a0\u00a0\u00a0 F\u00f3rmula suave de uso frequente.<\/li>\n<li>\u00a0\u00a0\u00a0 Excelente custo benef\u00edcio<\/li>\n<li>\u00a0\u00a0\u00a0 \u00d3timo rendimento.<\/li>\n<\/ul>\n<p><strong>Modo de usar:<\/strong><\/p>\n<p>Aplique o produto nos pelos bem molhados e massageie at\u00e9 formar espuma.<br \/>\nEnx\u00e1gue e se necess\u00e1rio repita a aplica\u00e7\u00e3o at\u00e9 a \u00e1gua sair clara.<br \/>\nPara um \u00f3timo acabamento recomendamos a utiliza\u00e7\u00e3o dos shampoos 2 em 1 da linha Sunny Pet.<br \/>\nAnimais de pelagem longa sugerimos aplicar a M\u00e1scara de Hidrata\u00e7\u00e3o, Repara\u00e7\u00e3o e Nutri\u00e7\u00e3o Sunny Pet.<br \/>\nPara auxiliar na secagem sugerimos aplicar na pontas dos pelos o condicionador sem enxague Leave On Sunny Pet.<br \/>\nPode ser aplicado puro ou dilu\u00eddo em at\u00e9 4 (quatro) vezes.<br \/>\nDurante o banho proteger os olhos e ouvidos do animal.<\/p>\n","protected":false},"excerpt":{"rendered":"<h3>Rende 4x mais!<br \/>\nDilui\u00e7\u00e3o 1:4<\/h3>\n<ul>\n<li>\u00a0\u00a0\u00a0 Alto poder de limpeza.<\/li>\n<li>\u00a0\u00a0\u00a0 Substitui sab\u00f5es e sabonetes.<\/li>\n<li>\u00a0\u00a0\u00a0 Ph balanceado.<\/li>\n<li>\u00a0\u00a0\u00a0 F\u00f3rmula suave de uso frequente.<\/li>\n<li>\u00a0\u00a0\u00a0 Excelente custo benef\u00edcio<\/li>\n<li>\u00a0\u00a0\u00a0 \u00d3timo rendimento.<\/li>\n<\/ul>\n","protected":false},"featured_media":519,"comment_status":"open","ping_status":"closed","template":"","meta":[],"product_brand":[],"product_cat":[106],"product_tag":[113,110,120,111],"class_list":{"0":"post-414","1":"product","2":"type-product","3":"status-publish","4":"has-post-thumbnail","6":"product_cat-shampoo-e-condicionador","7":"product_tag-diluicao-14","8":"product_tag-pelagem","9":"product_tag-pre-lavagem","10":"product_tag-shampoo","12":"first","13":"instock","14":"shipping-taxable","15":"product-type-simple"},"_links":{"self":[{"href":"https:\/\/sunnypet.com.br\/site\/wp-json\/wp\/v2\/product\/414","targetHints":{"allow":["GET"]}}],"collection":[{"href":"https:\/\/sunnypet.com.br\/site\/wp-json\/wp\/v2\/product"}],"about":[{"href":"https:\/\/sunnypet.com.br\/site\/wp-json\/wp\/v2\/types\/product"}],"replies":[{"embeddable":true,"href":"https:\/\/sunnypet.com.br\/site\/wp-json\/wp\/v2\/comments?post=414"}],"wp:featuredmedia":[{"embeddable":true,"href":"https:\/\/sunnypet.com.br\/site\/wp-json\/wp\/v2\/media\/519"}],"wp:attachment":[{"href":"https:\/\/sunnypet.com.br\/site\/wp-json\/wp\/v2\/media?parent=414"}],"wp:term":[{"taxonomy":"product_brand","embeddable":true,"href":"https:\/\/sunnypet.com.br\/site\/wp-json\/wp\/v2\/product_brand?post=414"},{"taxonomy":"product_cat","embeddable":true,"href":"https:\/\/sunnypet.com.br\/site\/wp-json\/wp\/v2\/product_cat?post=414"},{"taxonomy":"product_tag","embeddable":true,"href":"https:\/\/sunnypet.com.br\/site\/wp-json\/wp\/v2\/product_tag?post=414"}],"curies":[{"name":"wp","href":"https:\/\/api.w.org\/{rel}","templated":true}]}}