{"id":417,"date":"2021-08-02T18:39:54","date_gmt":"2021-08-02T21:39:54","guid":{"rendered":"https:\/\/sunnypet.com.br\/site\/?post_type=product&#038;p=417"},"modified":"2021-08-02T18:39:56","modified_gmt":"2021-08-02T21:39:56","slug":"almotolia-500ml","status":"publish","type":"product","link":"https:\/\/sunnypet.com.br\/site\/produto\/almotolia-500ml\/","title":{"rendered":"Almotolia 500ml"},"content":{"rendered":"<p>Almotolia pl\u00e1stica com capacidade para 500ml.<\/p>\n<p>Pode ser utilizada para aplica\u00e7\u00e3o do shampoo puro ou dilu\u00eddo.<\/p>\n","protected":false},"excerpt":{"rendered":"<p>Almotolia pl\u00e1stica com capacidade para 500ml.<\/p>\n<p>Pode ser utilizada para aplica\u00e7\u00e3o do shampoo puro ou dilu\u00eddo.<\/p>\n","protected":false},"featured_media":418,"comment_status":"open","ping_status":"closed","template":"","meta":[],"product_brand":[],"product_cat":[106],"product_tag":[124,107,111],"class_list":{"0":"post-417","1":"product","2":"type-product","3":"status-publish","4":"has-post-thumbnail","6":"product_cat-shampoo-e-condicionador","7":"product_tag-aplicador","8":"product_tag-condicionador","9":"product_tag-shampoo","11":"first","12":"instock","13":"shipping-taxable","14":"product-type-simple"},"_links":{"self":[{"href":"https:\/\/sunnypet.com.br\/site\/wp-json\/wp\/v2\/product\/417","targetHints":{"allow":["GET"]}}],"collection":[{"href":"https:\/\/sunnypet.com.br\/site\/wp-json\/wp\/v2\/product"}],"about":[{"href":"https:\/\/sunnypet.com.br\/site\/wp-json\/wp\/v2\/types\/product"}],"replies":[{"embeddable":true,"href":"https:\/\/sunnypet.com.br\/site\/wp-json\/wp\/v2\/comments?post=417"}],"wp:featuredmedia":[{"embeddable":true,"href":"https:\/\/sunnypet.com.br\/site\/wp-json\/wp\/v2\/media\/418"}],"wp:attachment":[{"href":"https:\/\/sunnypet.com.br\/site\/wp-json\/wp\/v2\/media?parent=417"}],"wp:term":[{"taxonomy":"product_brand","embeddable":true,"href":"https:\/\/sunnypet.com.br\/site\/wp-json\/wp\/v2\/product_brand?post=417"},{"taxonomy":"product_cat","embeddable":true,"href":"https:\/\/sunnypet.com.br\/site\/wp-json\/wp\/v2\/product_cat?post=417"},{"taxonomy":"product_tag","embeddable":true,"href":"https:\/\/sunnypet.com.br\/site\/wp-json\/wp\/v2\/product_tag?post=417"}],"curies":[{"name":"wp","href":"https:\/\/api.w.org\/{rel}","templated":true}]}}