{"id":636,"date":"2024-03-20T15:45:21","date_gmt":"2024-03-20T18:45:21","guid":{"rendered":"https:\/\/sunnypet.com.br\/site\/?post_type=product&#038;p=636"},"modified":"2024-03-20T15:50:59","modified_gmt":"2024-03-20T18:50:59","slug":"colonia-pear-glace-unissex","status":"publish","type":"product","link":"https:\/\/sunnypet.com.br\/site\/produto\/colonia-pear-glace-unissex\/","title":{"rendered":"Col\u00f4nia Pear Glace (Unissex) 500ml"},"content":{"rendered":"<p><strong>Indica\u00e7\u00f5es<\/strong><\/p>\n<ul>\n<li>C\u00e3es e gatos<\/li>\n<li>Para todas as ra\u00e7as e idades<\/li>\n<\/ul>\n<p><strong>Benef\u00edcios<\/strong><\/p>\n<ul>\n<li>Fragr\u00e2ncia inspirada no famoso perfumes da Victoria Secrets<\/li>\n<li>\u00d3tima fixa\u00e7\u00e3o<\/li>\n<li>N\u00e3o oleoso<\/li>\n<\/ul>\n<p>Modo de Usar<\/p>\n<p>Aplique o produto no dorso do animal a uma dist\u00e2ncia de aproximadamente 10 (dez) cent\u00edmetros.<\/p>\n<p>N\u00e3o deixe atingir olhos, boca e ouvidos do animal.<\/p>\n","protected":false},"excerpt":{"rendered":"<ul>\n<li>Fragr\u00e2ncia inspirada no famoso Perfume Invictus.<\/li>\n<li>\u00d3tima fixa\u00e7\u00e3o<\/li>\n<li>N\u00e3o oleoso<\/li>\n<\/ul>\n","protected":false},"featured_media":640,"comment_status":"open","ping_status":"closed","template":"","meta":[],"product_brand":[],"product_cat":[51],"product_tag":[45,67,74,56,174,55,173],"class_list":{"0":"post-636","1":"product","2":"type-product","3":"status-publish","4":"has-post-thumbnail","6":"product_cat-perfume","7":"product_tag-cao-e-gato","8":"product_tag-colonia","9":"product_tag-fragranica","10":"product_tag-macho","11":"product_tag-pear-glace","12":"product_tag-perfume","13":"product_tag-victoria-secrets","15":"first","16":"instock","17":"shipping-taxable","18":"product-type-simple"},"_links":{"self":[{"href":"https:\/\/sunnypet.com.br\/site\/wp-json\/wp\/v2\/product\/636","targetHints":{"allow":["GET"]}}],"collection":[{"href":"https:\/\/sunnypet.com.br\/site\/wp-json\/wp\/v2\/product"}],"about":[{"href":"https:\/\/sunnypet.com.br\/site\/wp-json\/wp\/v2\/types\/product"}],"replies":[{"embeddable":true,"href":"https:\/\/sunnypet.com.br\/site\/wp-json\/wp\/v2\/comments?post=636"}],"wp:featuredmedia":[{"embeddable":true,"href":"https:\/\/sunnypet.com.br\/site\/wp-json\/wp\/v2\/media\/640"}],"wp:attachment":[{"href":"https:\/\/sunnypet.com.br\/site\/wp-json\/wp\/v2\/media?parent=636"}],"wp:term":[{"taxonomy":"product_brand","embeddable":true,"href":"https:\/\/sunnypet.com.br\/site\/wp-json\/wp\/v2\/product_brand?post=636"},{"taxonomy":"product_cat","embeddable":true,"href":"https:\/\/sunnypet.com.br\/site\/wp-json\/wp\/v2\/product_cat?post=636"},{"taxonomy":"product_tag","embeddable":true,"href":"https:\/\/sunnypet.com.br\/site\/wp-json\/wp\/v2\/product_tag?post=636"}],"curies":[{"name":"wp","href":"https:\/\/api.w.org\/{rel}","templated":true}]}}