{"id":71,"date":"2021-07-28T16:17:11","date_gmt":"2021-07-28T19:17:11","guid":{"rendered":"http:\/\/sunnypet.com.br\/site\/?post_type=product&#038;p=71"},"modified":"2021-07-30T22:11:47","modified_gmt":"2021-07-31T01:11:47","slug":"colonia-belle-55ml-femea","status":"publish","type":"product","link":"https:\/\/sunnypet.com.br\/site\/produto\/colonia-belle-55ml-femea\/","title":{"rendered":"Colonia Belle 55ml (f\u00eamea)"},"content":{"rendered":"<p><strong>Indica\u00e7\u00f5es<\/strong><\/p>\n<ul>\n<li>\u00a0\u00a0\u00a0 C\u00e3es e gatos<\/li>\n<li>\u00a0\u00a0\u00a0 Para todas as ra\u00e7as e idades<\/li>\n<\/ul>\n<p><strong>Benef\u00edcios<\/strong><\/p>\n<ul>\n<li>\u00a0\u00a0\u00a0 Fragr\u00e2ncia inspirada no perfume La Vie Est Belle.<\/li>\n<li>\u00a0\u00a0\u00a0 \u00d3tima fixa\u00e7\u00e3o.<\/li>\n<li>\u00a0\u00a0\u00a0 N\u00e3o oleoso.<\/li>\n<\/ul>\n<p><strong>Modo de usar:<\/strong><\/p>\n<p>Aplique o produto no dorso do animal a uma dist\u00e2ncia de aproximadamente 10 (dez) cent\u00edmetros.<br \/>\nN\u00e3o deixe atingir os olhos, boca e ouvidos do animal.<\/p>\n","protected":false},"excerpt":{"rendered":"<ul>\n<li>\u00a0\u00a0\u00a0 Fragr\u00e2ncia inspirada no perfume La Vie Est Belle.<\/li>\n<li>\u00a0\u00a0\u00a0 \u00d3tima fixa\u00e7\u00e3o.<\/li>\n<li>\u00a0\u00a0\u00a0 N\u00e3o oleoso.<\/li>\n<\/ul>\n","protected":false},"featured_media":54,"comment_status":"open","ping_status":"closed","template":"","meta":[],"product_brand":[],"product_cat":[51],"product_tag":[66,67,58,54,65,55],"class_list":{"0":"post-71","1":"product","2":"type-product","3":"status-publish","4":"has-post-thumbnail","6":"product_cat-perfume","7":"product_tag-belle","8":"product_tag-colonia","9":"product_tag-femea","10":"product_tag-fragrancia","11":"product_tag-la-vie-est-belle","12":"product_tag-perfume","14":"first","15":"instock","16":"shipping-taxable","17":"product-type-simple"},"_links":{"self":[{"href":"https:\/\/sunnypet.com.br\/site\/wp-json\/wp\/v2\/product\/71","targetHints":{"allow":["GET"]}}],"collection":[{"href":"https:\/\/sunnypet.com.br\/site\/wp-json\/wp\/v2\/product"}],"about":[{"href":"https:\/\/sunnypet.com.br\/site\/wp-json\/wp\/v2\/types\/product"}],"replies":[{"embeddable":true,"href":"https:\/\/sunnypet.com.br\/site\/wp-json\/wp\/v2\/comments?post=71"}],"wp:featuredmedia":[{"embeddable":true,"href":"https:\/\/sunnypet.com.br\/site\/wp-json\/wp\/v2\/media\/54"}],"wp:attachment":[{"href":"https:\/\/sunnypet.com.br\/site\/wp-json\/wp\/v2\/media?parent=71"}],"wp:term":[{"taxonomy":"product_brand","embeddable":true,"href":"https:\/\/sunnypet.com.br\/site\/wp-json\/wp\/v2\/product_brand?post=71"},{"taxonomy":"product_cat","embeddable":true,"href":"https:\/\/sunnypet.com.br\/site\/wp-json\/wp\/v2\/product_cat?post=71"},{"taxonomy":"product_tag","embeddable":true,"href":"https:\/\/sunnypet.com.br\/site\/wp-json\/wp\/v2\/product_tag?post=71"}],"curies":[{"name":"wp","href":"https:\/\/api.w.org\/{rel}","templated":true}]}}