{"id":73,"date":"2021-07-28T16:32:34","date_gmt":"2021-07-28T19:32:34","guid":{"rendered":"http:\/\/sunnypet.com.br\/site\/?post_type=product&#038;p=73"},"modified":"2021-07-30T23:45:15","modified_gmt":"2021-07-31T02:45:15","slug":"colonia-lord-macho-500ml","status":"publish","type":"product","link":"https:\/\/sunnypet.com.br\/site\/produto\/colonia-lord-macho-500ml\/","title":{"rendered":"Col\u00f4nia Lord (Macho) 500ml"},"content":{"rendered":"<p><strong>Indica\u00e7\u00f5es<\/strong><\/p>\n<ul>\n<li>C\u00e3es e gatos<\/li>\n<li>Para todas as ra\u00e7as e idades<\/li>\n<\/ul>\n<p><strong>Benef\u00edcios<\/strong><\/p>\n<ul>\n<li>Fragr\u00e2ncia inspirada no famoso Perfume One Million.<\/li>\n<li>\u00d3tima fixa\u00e7\u00e3o<\/li>\n<li>N\u00e3o oleoso<\/li>\n<\/ul>\n<p><strong>Modo de Usar<\/strong><\/p>\n<p>Aplique o produto no dorso do animal a uma dist\u00e2ncia de aproximadamente 10 (dez) cent\u00edmetros.<\/p>\n<p>N\u00e3o deixe atingir olhos, boca e ouvidos do animal.<\/p>\n","protected":false},"excerpt":{"rendered":"<ul>\n<li>Fragr\u00e2ncia inspirada no famoso Perfume One Million.<\/li>\n<li>\u00d3tima fixa\u00e7\u00e3o<\/li>\n<li>N\u00e3o oleoso<\/li>\n<\/ul>\n","protected":false},"featured_media":371,"comment_status":"open","ping_status":"closed","template":"","meta":[],"product_brand":[],"product_cat":[51],"product_tag":[45,64,71,56,70,55],"class_list":{"0":"post-73","1":"product","2":"type-product","3":"status-publish","4":"has-post-thumbnail","6":"product_cat-perfume","7":"product_tag-cao-e-gato","8":"product_tag-fragrance","9":"product_tag-lord","10":"product_tag-macho","11":"product_tag-one-million","12":"product_tag-perfume","14":"first","15":"instock","16":"shipping-taxable","17":"product-type-simple"},"_links":{"self":[{"href":"https:\/\/sunnypet.com.br\/site\/wp-json\/wp\/v2\/product\/73","targetHints":{"allow":["GET"]}}],"collection":[{"href":"https:\/\/sunnypet.com.br\/site\/wp-json\/wp\/v2\/product"}],"about":[{"href":"https:\/\/sunnypet.com.br\/site\/wp-json\/wp\/v2\/types\/product"}],"replies":[{"embeddable":true,"href":"https:\/\/sunnypet.com.br\/site\/wp-json\/wp\/v2\/comments?post=73"}],"wp:featuredmedia":[{"embeddable":true,"href":"https:\/\/sunnypet.com.br\/site\/wp-json\/wp\/v2\/media\/371"}],"wp:attachment":[{"href":"https:\/\/sunnypet.com.br\/site\/wp-json\/wp\/v2\/media?parent=73"}],"wp:term":[{"taxonomy":"product_brand","embeddable":true,"href":"https:\/\/sunnypet.com.br\/site\/wp-json\/wp\/v2\/product_brand?post=73"},{"taxonomy":"product_cat","embeddable":true,"href":"https:\/\/sunnypet.com.br\/site\/wp-json\/wp\/v2\/product_cat?post=73"},{"taxonomy":"product_tag","embeddable":true,"href":"https:\/\/sunnypet.com.br\/site\/wp-json\/wp\/v2\/product_tag?post=73"}],"curies":[{"name":"wp","href":"https:\/\/api.w.org\/{rel}","templated":true}]}}