{"id":75,"date":"2021-07-28T16:37:02","date_gmt":"2021-07-28T19:37:02","guid":{"rendered":"http:\/\/sunnypet.com.br\/site\/?post_type=product&#038;p=75"},"modified":"2021-07-30T23:43:38","modified_gmt":"2021-07-31T02:43:38","slug":"colonia-thor-macho-500ml","status":"publish","type":"product","link":"https:\/\/sunnypet.com.br\/site\/produto\/colonia-thor-macho-500ml\/","title":{"rendered":"Col\u00f4nia Thor (Macho) 500ml"},"content":{"rendered":"<p><strong>Indica\u00e7\u00f5es<\/strong><\/p>\n<ul>\n<li>C\u00e3es e gatos<\/li>\n<li>Para todas as ra\u00e7as e idades<\/li>\n<\/ul>\n<p><strong>Benef\u00edcios<\/strong><\/p>\n<ul>\n<li>Fragr\u00e2ncia inspirada no famoso Perfume Invictus.<\/li>\n<li>\u00d3tima fixa\u00e7\u00e3o<\/li>\n<li>N\u00e3o oleoso<\/li>\n<\/ul>\n<p>Modo de Usar<\/p>\n<p>Aplique o produto no dorso do animal a uma dist\u00e2ncia de aproximadamente 10 (dez) cent\u00edmetros.<\/p>\n<p>N\u00e3o deixe atingir olhos, boca e ouvidos do animal.<\/p>\n","protected":false},"excerpt":{"rendered":"<ul>\n<li>Fragr\u00e2ncia inspirada no famoso Perfume Invictus.<\/li>\n<li>\u00d3tima fixa\u00e7\u00e3o<\/li>\n<li>N\u00e3o oleoso<\/li>\n<\/ul>\n","protected":false},"featured_media":368,"comment_status":"open","ping_status":"closed","template":"","meta":[],"product_brand":[],"product_cat":[51],"product_tag":[45,67,74,73,56,55,72],"class_list":{"0":"post-75","1":"product","2":"type-product","3":"status-publish","4":"has-post-thumbnail","6":"product_cat-perfume","7":"product_tag-cao-e-gato","8":"product_tag-colonia","9":"product_tag-fragranica","10":"product_tag-invictus","11":"product_tag-macho","12":"product_tag-perfume","13":"product_tag-thor","15":"first","16":"instock","17":"shipping-taxable","18":"product-type-simple"},"_links":{"self":[{"href":"https:\/\/sunnypet.com.br\/site\/wp-json\/wp\/v2\/product\/75","targetHints":{"allow":["GET"]}}],"collection":[{"href":"https:\/\/sunnypet.com.br\/site\/wp-json\/wp\/v2\/product"}],"about":[{"href":"https:\/\/sunnypet.com.br\/site\/wp-json\/wp\/v2\/types\/product"}],"replies":[{"embeddable":true,"href":"https:\/\/sunnypet.com.br\/site\/wp-json\/wp\/v2\/comments?post=75"}],"wp:featuredmedia":[{"embeddable":true,"href":"https:\/\/sunnypet.com.br\/site\/wp-json\/wp\/v2\/media\/368"}],"wp:attachment":[{"href":"https:\/\/sunnypet.com.br\/site\/wp-json\/wp\/v2\/media?parent=75"}],"wp:term":[{"taxonomy":"product_brand","embeddable":true,"href":"https:\/\/sunnypet.com.br\/site\/wp-json\/wp\/v2\/product_brand?post=75"},{"taxonomy":"product_cat","embeddable":true,"href":"https:\/\/sunnypet.com.br\/site\/wp-json\/wp\/v2\/product_cat?post=75"},{"taxonomy":"product_tag","embeddable":true,"href":"https:\/\/sunnypet.com.br\/site\/wp-json\/wp\/v2\/product_tag?post=75"}],"curies":[{"name":"wp","href":"https:\/\/api.w.org\/{rel}","templated":true}]}}