{"id":76,"date":"2021-07-28T16:38:35","date_gmt":"2021-07-28T19:38:35","guid":{"rendered":"http:\/\/sunnypet.com.br\/site\/?post_type=product&#038;p=76"},"modified":"2021-07-30T12:45:02","modified_gmt":"2021-07-30T15:45:02","slug":"colonia-thor-55ml-macho","status":"publish","type":"product","link":"https:\/\/sunnypet.com.br\/site\/produto\/colonia-thor-55ml-macho\/","title":{"rendered":"Col\u00f4nia Thor 55ml (macho)"},"content":{"rendered":"<p><strong>Indica\u00e7\u00f5es<\/strong><\/p>\n<ul>\n<li>\u00a0\u00a0\u00a0 C\u00e3es e gatos<\/li>\n<li>\u00a0\u00a0\u00a0 Para todas as ra\u00e7as e idades<\/li>\n<\/ul>\n<p><strong>Benef\u00edcios<\/strong><\/p>\n<ul>\n<li>\u00a0\u00a0\u00a0 Fragr\u00e2ncia inspirada no perfume Invictus .<\/li>\n<li>\u00a0\u00a0\u00a0 \u00d3tima fixa\u00e7\u00e3o.<\/li>\n<li>\u00a0\u00a0\u00a0 N\u00e3o oleoso.<\/li>\n<\/ul>\n<p><strong>Modo de usar:<\/strong><\/p>\n<p>Aplique o produto no dorso do animal a uma dist\u00e2ncia de aproximadamente 10 (dez) centimetros.<br \/>\nN\u00e3o deixe atingir os olhos, boca e ouvidos do animal.<\/p>\n","protected":false},"excerpt":{"rendered":"<ul>\n<li>\u00a0\u00a0\u00a0 Fragr\u00e2ncia inspirada no perfume Invictus .<\/li>\n<li>\u00a0\u00a0\u00a0 \u00d3tima fixa\u00e7\u00e3o.<\/li>\n<li>\u00a0\u00a0\u00a0 N\u00e3o oleoso.<\/li>\n<\/ul>\n","protected":false},"featured_media":59,"comment_status":"open","ping_status":"closed","template":"","meta":[],"product_brand":[],"product_cat":[51],"product_tag":[45,67,54,56,55,72],"class_list":{"0":"post-76","1":"product","2":"type-product","3":"status-publish","4":"has-post-thumbnail","6":"product_cat-perfume","7":"product_tag-cao-e-gato","8":"product_tag-colonia","9":"product_tag-fragrancia","10":"product_tag-macho","11":"product_tag-perfume","12":"product_tag-thor","14":"first","15":"instock","16":"shipping-taxable","17":"product-type-simple"},"_links":{"self":[{"href":"https:\/\/sunnypet.com.br\/site\/wp-json\/wp\/v2\/product\/76","targetHints":{"allow":["GET"]}}],"collection":[{"href":"https:\/\/sunnypet.com.br\/site\/wp-json\/wp\/v2\/product"}],"about":[{"href":"https:\/\/sunnypet.com.br\/site\/wp-json\/wp\/v2\/types\/product"}],"replies":[{"embeddable":true,"href":"https:\/\/sunnypet.com.br\/site\/wp-json\/wp\/v2\/comments?post=76"}],"wp:featuredmedia":[{"embeddable":true,"href":"https:\/\/sunnypet.com.br\/site\/wp-json\/wp\/v2\/media\/59"}],"wp:attachment":[{"href":"https:\/\/sunnypet.com.br\/site\/wp-json\/wp\/v2\/media?parent=76"}],"wp:term":[{"taxonomy":"product_brand","embeddable":true,"href":"https:\/\/sunnypet.com.br\/site\/wp-json\/wp\/v2\/product_brand?post=76"},{"taxonomy":"product_cat","embeddable":true,"href":"https:\/\/sunnypet.com.br\/site\/wp-json\/wp\/v2\/product_cat?post=76"},{"taxonomy":"product_tag","embeddable":true,"href":"https:\/\/sunnypet.com.br\/site\/wp-json\/wp\/v2\/product_tag?post=76"}],"curies":[{"name":"wp","href":"https:\/\/api.w.org\/{rel}","templated":true}]}}